{"id":3,"date":"2020-07-01T13:31:30","date_gmt":"2020-07-01T13:31:30","guid":{"rendered":"http:\/?page_id=3"},"modified":"2020-07-24T14:21:37","modified_gmt":"2020-07-24T12:21:37","slug":"cgu","status":"publish","type":"page","link":"https:\/\/www.mldantiques.com\/en\/cgu\/","title":{"rendered":"Conditions G\u00e9n\u00e9rales d&#8217;Utilisation"},"content":{"rendered":"<div data-elementor-type=\"wp-page\" data-elementor-id=\"3\" class=\"elementor elementor-3\" data-elementor-post-type=\"page\">\n\t\t\t\t\t\t<section class=\"elementor-section elementor-top-section elementor-element elementor-element-5e0cf922 elementor-section-boxed elementor-section-height-default elementor-section-height-default\" data-id=\"5e0cf922\" data-element_type=\"section\" data-e-type=\"section\">\n\t\t\t\t\t\t<div class=\"elementor-container elementor-column-gap-default\">\n\t\t\t\t\t<div class=\"elementor-column elementor-col-100 elementor-top-column elementor-element elementor-element-48e1e8d7\" data-id=\"48e1e8d7\" data-element_type=\"column\" data-e-type=\"column\">\n\t\t\t<div class=\"elementor-widget-wrap elementor-element-populated\">\n\t\t\t\t\t\t<div class=\"elementor-element elementor-element-685a07d elementor-widget elementor-widget-spacer\" data-id=\"685a07d\" data-element_type=\"widget\" data-e-type=\"widget\" data-widget_type=\"spacer.default\">\n\t\t\t\t<div class=\"elementor-widget-container\">\n\t\t\t\t\t\t\t<div class=\"elementor-spacer\">\n\t\t\t<div class=\"elementor-spacer-inner\"><\/div>\n\t\t<\/div>\n\t\t\t\t\t\t<\/div>\n\t\t\t\t<\/div>\n\t\t\t\t<div class=\"elementor-element elementor-element-96d6efe elementor-widget elementor-widget-heading\" data-id=\"96d6efe\" data-element_type=\"widget\" data-e-type=\"widget\" data-widget_type=\"heading.default\">\n\t\t\t\t<div class=\"elementor-widget-container\">\n\t\t\t\t\t<h2 class=\"elementor-heading-title elementor-size-default\"><b>Terms of Use<\/b><\/h2>\t\t\t\t<\/div>\n\t\t\t\t<\/div>\n\t\t\t\t<div class=\"elementor-element elementor-element-b17d714 elementor-widget elementor-widget-spacer\" data-id=\"b17d714\" data-element_type=\"widget\" data-e-type=\"widget\" data-widget_type=\"spacer.default\">\n\t\t\t\t<div class=\"elementor-widget-container\">\n\t\t\t\t\t\t\t<div class=\"elementor-spacer\">\n\t\t\t<div class=\"elementor-spacer-inner\"><\/div>\n\t\t<\/div>\n\t\t\t\t\t\t<\/div>\n\t\t\t\t<\/div>\n\t\t\t\t<div class=\"elementor-element elementor-element-70edcd92 elementor-widget elementor-widget-text-editor\" data-id=\"70edcd92\" data-element_type=\"widget\" data-e-type=\"widget\" data-widget_type=\"text-editor.default\">\n\t\t\t\t<div class=\"elementor-widget-container\">\n\t\t\t\t\t\t\t\t\t<h4>Article 1 \u2013 Legal information<\/h4><h5>1.1 \u00c9diteur &#8211; Directeur de la publication (ci-apr\u00e8s \u00ab l&#8217;\u00c9diteur \u00bb ou \u00ab MLD ANTIQUITES \u00bb)<\/h5><p>Le site web https:\/\/www.mldantiques.com est \u00e9dit\u00e9 par MLD ANTIQUITES, SARL Unipersonnelle inscrite au Registre du Commerce et des Soci\u00e9t\u00e9s de Bobigny, sous le num\u00e9ro 414 521\u00a0153 dont le si\u00e8ge social se situe 85 Rue des Rosiers, March\u00e9 Biron stand 84 all\u00e9e 1, 93400 Saint-Ouen-Sur-Seine.<\/p><p>Publisher : Marc DEBONO<\/p><p>info@mldantiques.com<\/p><p>Phone : +33 (0)1.40.10.83.63<\/p><p>\u00a0<\/p><h5>1.2 Conception and realisation of the Website<\/h5><p>The Website is created by Mr Laurent Krause, registered individual with the Paris Company Registry under the number 510 680 945 whose registered office is located at 12 Rue Hippolyte Lebas, 75009 Paris 9\u00e8me.<\/p><p>laurent.krause@gmail.com<\/p><p>\u00a0<\/p><h5>1.3 Host<\/h5><p>The Website is hosted by Bluehost \u2013 Endurance International Group<\/p><p>10 Corporate Drive<br \/>Suite #300<br \/>Burlington, MA 01803<\/p><p>+1 801-765-9400<\/p><p>\u00a0<\/p><h4>Article 2 \u2013 Terms<\/h4><p>\u00a0\"Contents\": refers in particular to brands, logos, domain names, graphics, photographs, still or animated images, sounds, texts, data, product descriptions, whether visual and\/or sound.<\/p><p>\u00a0<\/p><p>\"User\": refers to any physical or moral person who visits one or more pages of the site in question.<\/p><p>\u00a0<\/p><p>\u00ab Donn\u00e9es personnelles \u00bb toute information relative \u00e0 une personne physique identifi\u00e9e ou qui peut \u00eatre identifi\u00e9e, directement ou indirectement, par r\u00e9f\u00e9rence \u00e0 un num\u00e9ro d&#8217;identification ou \u00e0 un ou plusieurs \u00e9l\u00e9ments qui lui sont propres.<\/p><p>\u00a0<\/p><p>\"Cookies\": refers to information deposited on the User's hard drive by the server of the site visited. They are tracers stored and read during the consultation of the website.<\/p><p>\u00a0<\/p><h4>Article 3 \u2013 General Disclaimer<\/h4><p>Continuing to browse the Website https:\/\/www.mldantiques.com (hereinafter the \"Website\") implies unreserved acceptance of the following provisions.\u00a0<\/p><p>These Terms of Use apply, as necessary, to any variation or extension of the Site on existing or future social networks.<\/p><p>The Terms of Use may be modified at any time by the Publisher due to the evolving nature of the Website, which may be subject to changes, in particular by the provision of new features or the modification\/deletion of certain features. The User is therefore advised to refer before any navigation to the latest version of the Terms of Use accessible at any time on the Website.<\/p><p>\u00a0<\/p><h4>Article 4 \u2013 Website Access<\/h4><p>The Website is accessible free of charge to all User, without restriction, with Internet access. All costs related to access to the Website, whether hardware, software or Internet access costs are the sole responsibility of the User.\u00a0<\/p><p>\u00a0<\/p><h4>Article 5 \u2013 Copyright Notice, Trademarks and Content\u00a0<\/h4><p>The materials used and displayed on the Website, including, but without limitation, the images, text, articles, software, photographs, graphics, illustrations, artwork, names, logos and trademarks (collectively, the \u201cContent\u201d) is the property of MLD ANTIQUITES or it\u2019s licensors or clients, and is protected by copyright, trademark and other laws. The Content may not be copied or retransmitted in any form without the express written permission of MLD ANTIQUITES.<\/p><p>Ils sont la propri\u00e9t\u00e9 pleine et enti\u00e8re de l&#8217;\u00c9diteur, sauf signification contraire. Toute reproduction, repr\u00e9sentation, utilisation ou adaptation, sous quelque forme que ce soit, de tout ou partie de ces \u00e9l\u00e9ments sans l&#8217;accord pr\u00e9alable et \u00e9crit de l&#8217;\u00c9diteur, sont strictement interdites.<\/p><p>Les autres signes distinctifs, notamment les d\u00e9nominations sociales, noms commerciaux, enseignes, noms de domaine reproduits sur le Site sont la propri\u00e9t\u00e9 de l&#8217;\u00c9diteur ou de ses partenaires. Toute reproduction sans autorisation expresse est susceptible de constituer une usurpation engageant la responsabilit\u00e9 de son auteur sur le fondement de l\u2019article 1240 du Code civil.<\/p><p>Le fait pour l&#8217;\u00c9diteur de ne pas engager de proc\u00e9dure d\u00e8s la prise de connaissance de ces utilisations non autoris\u00e9es ne vaut pas acceptation desdites utilisations et renonciation aux poursuites.<\/p><p>\u00a0<\/p><h4>Article 6 \u2013 Website Management<\/h4><p>Pour la bonne gestion du Site et de ses extensions, l&#8217;\u00c9diteur pourra \u00e0 tout moment :<\/p><ul><li>Suspendre, interrompre ou limiter l&#8217;acc\u00e8s \u00e0 tout ou partie du Site, r\u00e9server l&#8217;acc\u00e8s au Site, ou \u00e0 certaines parties du Site, \u00e0 une cat\u00e9gorie d\u00e9termin\u00e9e d\u2019Utilisateur ;<\/li><li>- Delete any information that may disrupt the operation of the Website or contravene national or international laws or the rules of the Netiquette;<\/li><li>- Suspend the Website in order to proceed with updates.<\/li><\/ul><h4>Article 7 \u2013 Limitation of Liability<\/h4><p>La responsabilit\u00e9 de l&#8217;\u00c9diteur ne peut \u00eatre engag\u00e9e en cas de d\u00e9faillance, panne, difficult\u00e9 ou interruption de fonctionnement, emp\u00eachant l&#8217;acc\u00e8s au Site ou \u00e0 une de ses fonctionnalit\u00e9s.<\/p><p>Le mat\u00e9riel de connexion au Site utilis\u00e9 par l\u2019Utilisateur est sous son enti\u00e8re responsabilit\u00e9. L\u2019Utilisateur devra prendre toutes les mesures appropri\u00e9es pour prot\u00e9ger son mat\u00e9riel et ses propres donn\u00e9es notamment d&#8217;attaques virales par Internet. L\u2019Utilisateur est le seul responsable des sites et donn\u00e9es qu\u2019il consulte.<\/p><p>L&#8217;\u00c9diteur ne pourra \u00eatre tenu responsable en cas de poursuites judiciaires \u00e0 l\u2019encontre de l\u2019Utilisateur :<\/p><ul><li>Du fait de l&#8217;usage du Site ou de tout service accessible via Internet ;<\/li><li>- Due to the User's failure to comply with these Terms of Use.<\/li><\/ul><p>L&#8217;\u00c9diteur n&#8217;est pas responsable des dommages directs ou indirects caus\u00e9s \u00e0 l\u2019Utilisateur, \u00e0 des tiers et\/ou \u00e0 son \u00e9quipement du fait de sa connexion ou de son utilisation du Site. De ce fait, l\u2019Utilisateur renonce \u00e0 toute action contre l\u2019\u00c9diteur.<\/p><p>Si l&#8217;\u00c9diteur venait \u00e0 faire l&#8217;objet d&#8217;une proc\u00e9dure amiable ou judiciaire \u00e0 raison de l\u2019utilisation du Site, l&#8217;\u00c9diteur pourra se retourner contre l\u2019Utilisateur pour obtenir indemnisation de tous les pr\u00e9judices, sommes, condamnations et frais qui pourraient d\u00e9couler de cette proc\u00e9dure.<\/p><p>\u00a0<\/p><h4>Article 8 \u2013 Hypertexts<\/h4><p>The User may not set up hypertext links to all or part of the Website without the prior written authorisation of the Publisher, requested by email using the following address: info@mldantiques.com<\/p><p>L&#8217;\u00c9diteur est libre de refuser cette autorisation sans avoir \u00e0 justifier de quelque mani\u00e8re que ce soit sa d\u00e9cision. Dans le cas o\u00f9 l&#8217;\u00c9diteur accorderait son autorisation, celle-ci n&#8217;est dans tous les cas que temporaire et pourra \u00eatre retir\u00e9e \u00e0 tout moment, sans obligation de justification \u00e0 la charge de l&#8217;\u00c9diteur.<\/p><p>Dans tous les cas, tout lien hypertexte vers tout ou partie du Site devra \u00eatre retir\u00e9 sur simple demande de l&#8217;\u00c9diteur.<\/p><p>\u00a0<\/p><h4>Article 9 \u2013 Collection and Storage of Personal Data<\/h4><p>In the context of subscribing to an account or using the Site, some personal data may be collected and processed, in accordance with the legal and regulatory provisions in force. The purpose of this data collection is to optimize Users' browsing experiences.<\/p><p>The Publisher is responsible for processing the personal data collected via the Website. Thus, the Publisher undertakes to collect Users' personal data only for precise, explicit and legitimate purposes and not to process this same data in a manner incompatible with the purposes in question.<\/p><p>The data collected are:\u00a0<\/p><ul><li>- Identity data including the first and last name of the User.<\/li><li>- Contact data including addresses (email), telephone numbers or any other means of contacting the User directly.<\/li><li>- Technical data including the User's IP address, connection data, browser type and version, time zone and location, browser plug-in types and versions, operating system and operating platform, and other technologies on the devices used to access this Site. This data is used to measure the Website's audience.<\/li><\/ul><p>These data are collected:<\/p><ul><li>- Directly by the User through the various forms made available on the Website.<\/li><li>- By Google Analytics for the measurement of the audience on the Site<\/li><\/ul><h5>9.1 Cookies<\/h5><p>Un Cookie est une information d\u00e9pos\u00e9e sur l\u2019appareil de navigation de l\u2019Utilisateur par le serveur du Site visit\u00e9. L&#8217;Utilisateur a la possibilit\u00e9 de d\u00e9sactiver les cookies \u00e0 partir des param\u00e8tres de son navigateur.\u00a0<\/p><p>Browser settings are specific to each browser. The User is invited to consult the links to the documentation of the most common browsers:<\/p><ul><li><a href=\"https:\/\/support.google.com\/chrome\/answer\/95647?hl=fr\">Chrome<\/a><\/li><li><a href=\"https:\/\/support.mozilla.org\/fr\/kb\/protection-renforcee-contre-pistage-firefox-ordinateur?redirectlocale=fr&amp;redirectslug=activer-desactiver-cookies-preferences\">Firefox<\/a>\u00a0<\/li><li><a href=\"https:\/\/support.microsoft.com\/en-us\/help\/17442\/windows-internet-explorer-delete-manage-cookies\">Internet Explorer<\/a><\/li><li><a href=\"https:\/\/support.microsoft.com\/en-us\/help\/4468242\/microsoft-edge-browsing-data-and-privacy\">Microsoft Edge<\/a><\/li><\/ul><ul><li><a href=\"https:\/\/help.opera.com\/en\/latest\/web-preferences\/\">Opera<\/a><\/li><li><a href=\"https:\/\/support.apple.com\/fr-fr\/guide\/safari\/sfri11471\/mac\">Safari 7<\/a><\/li><li><a href=\"https:\/\/support.apple.com\/fr-fr\/HT201265\">Safari IOS<\/a><\/li><\/ul><p>\u00a0<\/p><p>Certaines parties du Site peuvent ainsi ne pas \u00eatre fonctionnelles sans l&#8217;acceptation de cookies par l&#8217;Utilisateur.<\/p><p>Here is the list of cookies used:<\/p><p>elementor  wordpress_*  __cfduid  uslk_inital_url  uslk_referrer  uslk_operator_binding      uslk_drag  uslk_page_impressions  uslk_in_service_time  uslk_s  uslk_e  Google Fonts API  rc::c  rc::b  rc::a     Google Maps API  GPS  VISITOR_INFO1_LIVE  YSC  PREF  _js_datr  actppresence  _fbc  fbm*  xs  wd  fr  act  _fbp  datr  c_user  csm  sb  presence  *_fbm_<\/p><p>\u00a0<\/p><p>Other cookies are set by third party services for audience measurement (Google Analytics). For more information on this subject, please consult the privacy policies specific to this service: \u00a0<a href=\"https:\/\/support.google.com\/analytics\/answer\/6004245?hl=fr\">Google Analytics' Privacy policies<\/a><\/p><p>The information collected by the cookies will not, unless you agree to it, be kept for more than 12 months.<\/p><p>\u00a0<\/p><h5>9.2 Users Rights<\/h5><p>In accordance with the applicable legal and regulatory provisions, the User, holder of the personal data processed, benefits from the following rights:<\/p><ul><li>Demander l&#8217;acc\u00e8s aux donn\u00e9es qui le concernent ;<\/li><li>Request the updating of his data, if they are inaccurate;<\/li><li>Request the portability or deletion of his data;<\/li><li>Request the limitation of the processing of his data;<\/li><li>Oppose, for legitimate reasons, the processing of his\/her data.<\/li><\/ul><p>Ces diff\u00e9rents droits sont \u00e0 exercer en adressant un courriel \u00e0 l&#8217;attention de MLD ANTIQUITES via l\u2019adresse :\u00a0 MLD Antiquit\u00e9s 85 Rue des Rosiers, March\u00e9 Biron stand 84 all\u00e9e 1, 93400 Saint-Ouen-Sur-Seine<\/p><p>Pour des raisons de s\u00e9curit\u00e9 et pour \u00e9viter toute demande frauduleuse, cette demande devra \u00eatre accompagn\u00e9e d&#8217;un justificatif d&#8217;identit\u00e9. Le justificatif sera d\u00e9truit une fois la demande trait\u00e9e.<\/p><p>\u00a0<\/p><h5>9.3 Security\u00a0<\/h5><p>The Publisher implements all organizational, legal, software and technical means, suitable to ensure the confidentiality and security of the personal data collected, so as to prevent their deletion, damage or access by unauthorized third parties.<\/p><p>In addition, the https protocol ensures the encryption and integrity of data transfers over the network.<\/p><p>In addition, strong security measures are implemented by the Host.<\/p><p>Thus, the Publisher undertakes not to disclose identity and contact data outside of any request for information from the User or outside of the business relationship maintained with the User.<\/p><p>Certain technical data will be shared with third party services as part of the analysis of the Website's audience (Google Analytics). The Publisher invites the User to consult <a href=\"https:\/\/support.google.com\/analytics\/answer\/6004245?hl=fr\">Google Analytics' Privacy policies<\/a> for more information.<\/p><p>\u00a0<\/p><h4>Article 10 \u2013 Governing Law<\/h4><p>Les pr\u00e9sentes conditions d&#8217;utilisation du Site sont r\u00e9gies par la loi fran\u00e7aise et soumises \u00e0 la comp\u00e9tence des tribunaux de Paris, sous r\u00e9serve d&#8217;une attribution de comp\u00e9tence sp\u00e9cifique d\u00e9coulant d&#8217;un texte de loi ou r\u00e9glementaire particulier.<\/p><p>\u00a0<\/p>\t\t\t\t\t\t\t\t<\/div>\n\t\t\t\t<\/div>\n\t\t\t\t\t<\/div>\n\t\t<\/div>\n\t\t\t\t\t<\/div>\n\t\t<\/section>\n\t\t\t\t<\/div>","protected":false},"excerpt":{"rendered":"<p>CONDITIONS G\u00c9N\u00c9RALES D\u2019UTILISATION Article 1 \u2013 Informations l\u00e9gales 1.1 \u00c9diteur &#8211; Directeur de la publication (ci-apr\u00e8s \u00ab l&#8217;\u00c9diteur \u00bb ou \u00ab MLD ANTIQUITES \u00bb) Le site web https:\/\/www.mldantiques.com est \u00e9dit\u00e9 par MLD ANTIQUITES, SARL Unipersonnelle inscrite au Registre du Commerce et des Soci\u00e9t\u00e9s de Bobigny, sous le num\u00e9ro 414 521\u00a0153 dont le si\u00e8ge social se [&hellip;]<\/p>\n","protected":false},"author":3,"featured_media":0,"parent":0,"menu_order":0,"comment_status":"closed","ping_status":"open","template":"","meta":{"nf_dc_page":"","footnotes":""},"class_list":["post-3","page","type-page","status-publish","hentry"],"yoast_head":"<!-- This site is optimized with the Yoast SEO plugin v27.4 - https:\/\/yoast.com\/product\/yoast-seo-wordpress\/ -->\n<title>Conditions G\u00e9n\u00e9rales d&#039;Utilisation - MLD Antiquit\u00e9s<\/title>\n<meta name=\"robots\" content=\"index, follow, max-snippet:-1, max-image-preview:large, max-video-preview:-1\" \/>\n<link rel=\"canonical\" href=\"https:\/\/www.mldantiques.com\/en\/cgu\/\" \/>\n<meta property=\"og:locale\" content=\"en_GB\" \/>\n<meta property=\"og:type\" content=\"article\" \/>\n<meta property=\"og:title\" content=\"Conditions G\u00e9n\u00e9rales d&#039;Utilisation - MLD Antiquit\u00e9s\" \/>\n<meta property=\"og:description\" content=\"CONDITIONS G\u00c9N\u00c9RALES D\u2019UTILISATION Article 1 \u2013 Informations l\u00e9gales 1.1 \u00c9diteur &#8211; Directeur de la publication (ci-apr\u00e8s \u00ab l&#8217;\u00c9diteur \u00bb ou \u00ab MLD ANTIQUITES \u00bb) Le site web https:\/\/www.mldantiques.com est \u00e9dit\u00e9 par MLD ANTIQUITES, SARL Unipersonnelle inscrite au Registre du Commerce et des Soci\u00e9t\u00e9s de Bobigny, sous le num\u00e9ro 414 521\u00a0153 dont le si\u00e8ge social se [&hellip;]\" \/>\n<meta property=\"og:url\" content=\"https:\/\/www.mldantiques.com\/en\/cgu\/\" \/>\n<meta property=\"og:site_name\" content=\"MLD Antiquit\u00e9s\" \/>\n<meta property=\"article:publisher\" content=\"https:\/\/www.facebook.com\/ParisAntiqueDotCom\/\" \/>\n<meta property=\"article:modified_time\" content=\"2020-07-24T12:21:37+00:00\" \/>\n<meta name=\"twitter:card\" content=\"summary_large_image\" \/>\n<meta name=\"twitter:label1\" content=\"Estimated reading time\" \/>\n\t<meta name=\"twitter:data1\" content=\"10 minutes\" \/>\n<script type=\"application\/ld+json\" class=\"yoast-schema-graph\">{\"@context\":\"https:\\\/\\\/schema.org\",\"@graph\":[{\"@type\":\"WebPage\",\"@id\":\"https:\\\/\\\/www.mldantiques.com\\\/en\\\/cgu\\\/\",\"url\":\"https:\\\/\\\/www.mldantiques.com\\\/en\\\/cgu\\\/\",\"name\":\"Conditions G\u00e9n\u00e9rales d'Utilisation - MLD Antiquit\u00e9s\",\"isPartOf\":{\"@id\":\"https:\\\/\\\/www.mldantiques.com\\\/#website\"},\"datePublished\":\"2020-07-01T13:31:30+00:00\",\"dateModified\":\"2020-07-24T12:21:37+00:00\",\"breadcrumb\":{\"@id\":\"https:\\\/\\\/www.mldantiques.com\\\/en\\\/cgu\\\/#breadcrumb\"},\"inLanguage\":\"en-GB\",\"potentialAction\":[{\"@type\":\"ReadAction\",\"target\":[\"https:\\\/\\\/www.mldantiques.com\\\/en\\\/cgu\\\/\"]}]},{\"@type\":\"BreadcrumbList\",\"@id\":\"https:\\\/\\\/www.mldantiques.com\\\/en\\\/cgu\\\/#breadcrumb\",\"itemListElement\":[{\"@type\":\"ListItem\",\"position\":1,\"name\":\"Accueil\",\"item\":\"https:\\\/\\\/www.mldantiques.com\\\/\"},{\"@type\":\"ListItem\",\"position\":2,\"name\":\"Conditions G\u00e9n\u00e9rales d&rsquo;Utilisation\"}]},{\"@type\":\"WebSite\",\"@id\":\"https:\\\/\\\/www.mldantiques.com\\\/#website\",\"url\":\"https:\\\/\\\/www.mldantiques.com\\\/\",\"name\":\"MLD Antiquites\",\"description\":\"Votre Antiquaire Parisien\",\"publisher\":{\"@id\":\"https:\\\/\\\/www.mldantiques.com\\\/#organization\"},\"potentialAction\":[{\"@type\":\"SearchAction\",\"target\":{\"@type\":\"EntryPoint\",\"urlTemplate\":\"https:\\\/\\\/www.mldantiques.com\\\/?s={search_term_string}\"},\"query-input\":{\"@type\":\"PropertyValueSpecification\",\"valueRequired\":true,\"valueName\":\"search_term_string\"}}],\"inLanguage\":\"en-GB\"},{\"@type\":\"Organization\",\"@id\":\"https:\\\/\\\/www.mldantiques.com\\\/#organization\",\"name\":\"MLD Antiquit\u00e9s\",\"url\":\"https:\\\/\\\/www.mldantiques.com\\\/\",\"logo\":{\"@type\":\"ImageObject\",\"inLanguage\":\"en-GB\",\"@id\":\"https:\\\/\\\/www.mldantiques.com\\\/#\\\/schema\\\/logo\\\/image\\\/\",\"url\":\"https:\\\/\\\/www.mldantiques.com\\\/wp-content\\\/uploads\\\/2020\\\/07\\\/android-chrome-512x512-1.png\",\"contentUrl\":\"https:\\\/\\\/www.mldantiques.com\\\/wp-content\\\/uploads\\\/2020\\\/07\\\/android-chrome-512x512-1.png\",\"width\":512,\"height\":512,\"caption\":\"MLD Antiquit\u00e9s\"},\"image\":{\"@id\":\"https:\\\/\\\/www.mldantiques.com\\\/#\\\/schema\\\/logo\\\/image\\\/\"},\"sameAs\":[\"https:\\\/\\\/www.facebook.com\\\/ParisAntiqueDotCom\\\/\",\"https:\\\/\\\/www.instagram.com\\\/mldantiquites\\\/\",\"https:\\\/\\\/www.pinterest.fr\\\/marcdebono\\\/\"]}]}<\/script>\n<!-- \/ Yoast SEO plugin. -->","yoast_head_json":{"title":"Conditions G\u00e9n\u00e9rales d'Utilisation - MLD Antiquit\u00e9s","robots":{"index":"index","follow":"follow","max-snippet":"max-snippet:-1","max-image-preview":"max-image-preview:large","max-video-preview":"max-video-preview:-1"},"canonical":"https:\/\/www.mldantiques.com\/en\/cgu\/","og_locale":"en_GB","og_type":"article","og_title":"Conditions G\u00e9n\u00e9rales d'Utilisation - MLD Antiquit\u00e9s","og_description":"CONDITIONS G\u00c9N\u00c9RALES D\u2019UTILISATION Article 1 \u2013 Informations l\u00e9gales 1.1 \u00c9diteur &#8211; Directeur de la publication (ci-apr\u00e8s \u00ab l&#8217;\u00c9diteur \u00bb ou \u00ab MLD ANTIQUITES \u00bb) Le site web https:\/\/www.mldantiques.com est \u00e9dit\u00e9 par MLD ANTIQUITES, SARL Unipersonnelle inscrite au Registre du Commerce et des Soci\u00e9t\u00e9s de Bobigny, sous le num\u00e9ro 414 521\u00a0153 dont le si\u00e8ge social se [&hellip;]","og_url":"https:\/\/www.mldantiques.com\/en\/cgu\/","og_site_name":"MLD Antiquit\u00e9s","article_publisher":"https:\/\/www.facebook.com\/ParisAntiqueDotCom\/","article_modified_time":"2020-07-24T12:21:37+00:00","twitter_card":"summary_large_image","twitter_misc":{"Estimated reading time":"10 minutes"},"schema":{"@context":"https:\/\/schema.org","@graph":[{"@type":"WebPage","@id":"https:\/\/www.mldantiques.com\/en\/cgu\/","url":"https:\/\/www.mldantiques.com\/en\/cgu\/","name":"Conditions G\u00e9n\u00e9rales d'Utilisation - MLD Antiquit\u00e9s","isPartOf":{"@id":"https:\/\/www.mldantiques.com\/#website"},"datePublished":"2020-07-01T13:31:30+00:00","dateModified":"2020-07-24T12:21:37+00:00","breadcrumb":{"@id":"https:\/\/www.mldantiques.com\/en\/cgu\/#breadcrumb"},"inLanguage":"en-GB","potentialAction":[{"@type":"ReadAction","target":["https:\/\/www.mldantiques.com\/en\/cgu\/"]}]},{"@type":"BreadcrumbList","@id":"https:\/\/www.mldantiques.com\/en\/cgu\/#breadcrumb","itemListElement":[{"@type":"ListItem","position":1,"name":"Accueil","item":"https:\/\/www.mldantiques.com\/"},{"@type":"ListItem","position":2,"name":"Conditions G\u00e9n\u00e9rales d&rsquo;Utilisation"}]},{"@type":"WebSite","@id":"https:\/\/www.mldantiques.com\/#website","url":"https:\/\/www.mldantiques.com\/","name":"MLD Antiquites","description":"Votre Antiquaire Parisien","publisher":{"@id":"https:\/\/www.mldantiques.com\/#organization"},"potentialAction":[{"@type":"SearchAction","target":{"@type":"EntryPoint","urlTemplate":"https:\/\/www.mldantiques.com\/?s={search_term_string}"},"query-input":{"@type":"PropertyValueSpecification","valueRequired":true,"valueName":"search_term_string"}}],"inLanguage":"en-GB"},{"@type":"Organization","@id":"https:\/\/www.mldantiques.com\/#organization","name":"MLD Antiquit\u00e9s","url":"https:\/\/www.mldantiques.com\/","logo":{"@type":"ImageObject","inLanguage":"en-GB","@id":"https:\/\/www.mldantiques.com\/#\/schema\/logo\/image\/","url":"https:\/\/www.mldantiques.com\/wp-content\/uploads\/2020\/07\/android-chrome-512x512-1.png","contentUrl":"https:\/\/www.mldantiques.com\/wp-content\/uploads\/2020\/07\/android-chrome-512x512-1.png","width":512,"height":512,"caption":"MLD Antiquit\u00e9s"},"image":{"@id":"https:\/\/www.mldantiques.com\/#\/schema\/logo\/image\/"},"sameAs":["https:\/\/www.facebook.com\/ParisAntiqueDotCom\/","https:\/\/www.instagram.com\/mldantiquites\/","https:\/\/www.pinterest.fr\/marcdebono\/"]}]}},"_links":{"self":[{"href":"https:\/\/www.mldantiques.com\/en\/wp-json\/wp\/v2\/pages\/3","targetHints":{"allow":["GET"]}}],"collection":[{"href":"https:\/\/www.mldantiques.com\/en\/wp-json\/wp\/v2\/pages"}],"about":[{"href":"https:\/\/www.mldantiques.com\/en\/wp-json\/wp\/v2\/types\/page"}],"author":[{"embeddable":true,"href":"https:\/\/www.mldantiques.com\/en\/wp-json\/wp\/v2\/users\/3"}],"replies":[{"embeddable":true,"href":"https:\/\/www.mldantiques.com\/en\/wp-json\/wp\/v2\/comments?post=3"}],"version-history":[{"count":5,"href":"https:\/\/www.mldantiques.com\/en\/wp-json\/wp\/v2\/pages\/3\/revisions"}],"predecessor-version":[{"id":507,"href":"https:\/\/www.mldantiques.com\/en\/wp-json\/wp\/v2\/pages\/3\/revisions\/507"}],"wp:attachment":[{"href":"https:\/\/www.mldantiques.com\/en\/wp-json\/wp\/v2\/media?parent=3"}],"curies":[{"name":"wp","href":"https:\/\/api.w.org\/{rel}","templated":true}]}}