{"id":1247,"date":"2023-04-07T10:30:52","date_gmt":"2023-04-07T08:30:52","guid":{"rendered":"https:\/\/www.mldantiques.com\/?page_id=1247"},"modified":"2023-04-07T10:40:38","modified_gmt":"2023-04-07T08:40:38","slug":"visite-virtuelle","status":"publish","type":"page","link":"https:\/\/www.mldantiques.com\/en\/visite-virtuelle\/","title":{"rendered":"Virtual tour"},"content":{"rendered":"<div data-elementor-type=\"wp-page\" data-elementor-id=\"1247\" class=\"elementor elementor-1247\" data-elementor-post-type=\"page\">\n\t\t\t\t\t\t<section class=\"elementor-section elementor-top-section elementor-element elementor-element-7a27043 elementor-section-boxed elementor-section-height-default elementor-section-height-default\" data-id=\"7a27043\" data-element_type=\"section\" data-e-type=\"section\">\n\t\t\t\t\t\t<div class=\"elementor-container elementor-column-gap-default\">\n\t\t\t\t\t<div class=\"elementor-column elementor-col-100 elementor-top-column elementor-element elementor-element-0ccbfd4\" data-id=\"0ccbfd4\" data-element_type=\"column\" data-e-type=\"column\">\n\t\t\t<div class=\"elementor-widget-wrap elementor-element-populated\">\n\t\t\t\t\t\t<div class=\"elementor-element elementor-element-725bd35 elementor-widget elementor-widget-spacer\" data-id=\"725bd35\" data-element_type=\"widget\" data-e-type=\"widget\" data-widget_type=\"spacer.default\">\n\t\t\t\t<div class=\"elementor-widget-container\">\n\t\t\t\t\t\t\t<div class=\"elementor-spacer\">\n\t\t\t<div class=\"elementor-spacer-inner\"><\/div>\n\t\t<\/div>\n\t\t\t\t\t\t<\/div>\n\t\t\t\t<\/div>\n\t\t\t\t\t<\/div>\n\t\t<\/div>\n\t\t\t\t\t<\/div>\n\t\t<\/section>\n\t\t\t\t<section class=\"elementor-section elementor-top-section elementor-element elementor-element-7879467 elementor-section-boxed elementor-section-height-default elementor-section-height-default\" data-id=\"7879467\" data-element_type=\"section\" data-e-type=\"section\">\n\t\t\t\t\t\t<div class=\"elementor-container elementor-column-gap-default\">\n\t\t\t\t\t<div class=\"elementor-column elementor-col-100 elementor-top-column elementor-element elementor-element-fbb2aae\" data-id=\"fbb2aae\" data-element_type=\"column\" data-e-type=\"column\">\n\t\t\t<div class=\"elementor-widget-wrap elementor-element-populated\">\n\t\t\t\t\t\t<div class=\"elementor-element elementor-element-c46411d elementor-widget elementor-widget-heading\" data-id=\"c46411d\" data-element_type=\"widget\" data-e-type=\"widget\" data-widget_type=\"heading.default\">\n\t\t\t\t<div class=\"elementor-widget-container\">\n\t\t\t\t\t<h2 class=\"elementor-heading-title elementor-size-default\">Virtual tour<\/h2>\t\t\t\t<\/div>\n\t\t\t\t<\/div>\n\t\t\t\t<div class=\"elementor-element elementor-element-85152fc elementor-widget elementor-widget-text-editor\" data-id=\"85152fc\" data-element_type=\"widget\" data-e-type=\"widget\" data-widget_type=\"text-editor.default\">\n\t\t\t\t<div class=\"elementor-widget-container\">\n\t\t\t\t\t\t\t\t\t<p style=\"text-align: center;\">Notre Galerie au March\u00e9 Biron &#8211; Stands 82, 83 &amp; 84 All\u00e9e 1<\/p>\t\t\t\t\t\t\t\t<\/div>\n\t\t\t\t<\/div>\n\t\t\t\t\t<\/div>\n\t\t<\/div>\n\t\t\t\t\t<\/div>\n\t\t<\/section>\n\t\t\t\t<section class=\"elementor-section elementor-top-section elementor-element elementor-element-0b85427 elementor-section-full_width elementor-section-content-middle elementor-section-height-default elementor-section-height-default\" data-id=\"0b85427\" data-element_type=\"section\" data-e-type=\"section\">\n\t\t\t\t\t\t<div class=\"elementor-container elementor-column-gap-no\">\n\t\t\t\t\t<div class=\"elementor-column elementor-col-100 elementor-top-column elementor-element elementor-element-ba1ed78\" data-id=\"ba1ed78\" data-element_type=\"column\" data-e-type=\"column\">\n\t\t\t<div class=\"elementor-widget-wrap elementor-element-populated\">\n\t\t\t\t\t\t<div class=\"elementor-element elementor-element-7414432 elementor-widget elementor-widget-html\" data-id=\"7414432\" data-element_type=\"widget\" data-e-type=\"widget\" data-widget_type=\"html.default\">\n\t\t\t\t<div class=\"elementor-widget-container\">\n\t\t\t\t\t<iframe src=\"https:\/\/nodalview.com\/s\/289XeJj1HDwwWqYGA2gMeV\" width=\"100%\" height=\"800px\" allowfullscreen=\"true\" mozallowfullscreen=\"true\" webkitallowfullscreen=\"true\">\n<\/iframe>\t\t\t\t<\/div>\n\t\t\t\t<\/div>\n\t\t\t\t<div class=\"elementor-element elementor-element-8e714b0 elementor-widget elementor-widget-spacer\" data-id=\"8e714b0\" data-element_type=\"widget\" data-e-type=\"widget\" data-widget_type=\"spacer.default\">\n\t\t\t\t<div class=\"elementor-widget-container\">\n\t\t\t\t\t\t\t<div class=\"elementor-spacer\">\n\t\t\t<div class=\"elementor-spacer-inner\"><\/div>\n\t\t<\/div>\n\t\t\t\t\t\t<\/div>\n\t\t\t\t<\/div>\n\t\t\t\t\t<\/div>\n\t\t<\/div>\n\t\t\t\t\t<\/div>\n\t\t<\/section>\n\t\t\t\t<\/div>","protected":false},"excerpt":{"rendered":"<p>Visite virtuelle Notre Galerie au March\u00e9 Biron &#8211; Stands 82, 83 &amp; 84 All\u00e9e 1<\/p>","protected":false},"author":3,"featured_media":0,"parent":0,"menu_order":0,"comment_status":"closed","ping_status":"closed","template":"","meta":{"nf_dc_page":"","footnotes":""},"class_list":["post-1247","page","type-page","status-publish","hentry"],"yoast_head":"<!-- This site is optimized with the Yoast SEO plugin v27.4 - https:\/\/yoast.com\/product\/yoast-seo-wordpress\/ -->\n<title>Visite virtuelle - MLD Antiquit\u00e9s<\/title>\n<meta name=\"robots\" content=\"index, follow, max-snippet:-1, max-image-preview:large, max-video-preview:-1\" \/>\n<link rel=\"canonical\" href=\"https:\/\/www.mldantiques.com\/en\/visite-virtuelle\/\" \/>\n<meta property=\"og:locale\" content=\"en_GB\" \/>\n<meta property=\"og:type\" content=\"article\" \/>\n<meta property=\"og:title\" content=\"Visite virtuelle - MLD Antiquit\u00e9s\" \/>\n<meta property=\"og:description\" content=\"Visite virtuelle Notre Galerie au March\u00e9 Biron &#8211; Stands 82, 83 &amp; 84 All\u00e9e 1\" \/>\n<meta property=\"og:url\" content=\"https:\/\/www.mldantiques.com\/en\/visite-virtuelle\/\" \/>\n<meta property=\"og:site_name\" content=\"MLD Antiquit\u00e9s\" \/>\n<meta property=\"article:publisher\" content=\"https:\/\/www.facebook.com\/ParisAntiqueDotCom\/\" \/>\n<meta property=\"article:modified_time\" content=\"2023-04-07T08:40:38+00:00\" \/>\n<meta name=\"twitter:card\" content=\"summary_large_image\" \/>\n<meta name=\"twitter:label1\" content=\"Estimated reading time\" \/>\n\t<meta name=\"twitter:data1\" content=\"1 minute\" \/>\n<script type=\"application\/ld+json\" class=\"yoast-schema-graph\">{\"@context\":\"https:\\\/\\\/schema.org\",\"@graph\":[{\"@type\":\"WebPage\",\"@id\":\"https:\\\/\\\/www.mldantiques.com\\\/visite-virtuelle\\\/\",\"url\":\"https:\\\/\\\/www.mldantiques.com\\\/visite-virtuelle\\\/\",\"name\":\"Visite virtuelle - MLD Antiquit\u00e9s\",\"isPartOf\":{\"@id\":\"https:\\\/\\\/www.mldantiques.com\\\/#website\"},\"datePublished\":\"2023-04-07T08:30:52+00:00\",\"dateModified\":\"2023-04-07T08:40:38+00:00\",\"breadcrumb\":{\"@id\":\"https:\\\/\\\/www.mldantiques.com\\\/visite-virtuelle\\\/#breadcrumb\"},\"inLanguage\":\"en-GB\",\"potentialAction\":[{\"@type\":\"ReadAction\",\"target\":[\"https:\\\/\\\/www.mldantiques.com\\\/visite-virtuelle\\\/\"]}]},{\"@type\":\"BreadcrumbList\",\"@id\":\"https:\\\/\\\/www.mldantiques.com\\\/visite-virtuelle\\\/#breadcrumb\",\"itemListElement\":[{\"@type\":\"ListItem\",\"position\":1,\"name\":\"Accueil\",\"item\":\"https:\\\/\\\/www.mldantiques.com\\\/\"},{\"@type\":\"ListItem\",\"position\":2,\"name\":\"Visite virtuelle\"}]},{\"@type\":\"WebSite\",\"@id\":\"https:\\\/\\\/www.mldantiques.com\\\/#website\",\"url\":\"https:\\\/\\\/www.mldantiques.com\\\/\",\"name\":\"MLD Antiquites\",\"description\":\"Votre Antiquaire Parisien\",\"publisher\":{\"@id\":\"https:\\\/\\\/www.mldantiques.com\\\/#organization\"},\"potentialAction\":[{\"@type\":\"SearchAction\",\"target\":{\"@type\":\"EntryPoint\",\"urlTemplate\":\"https:\\\/\\\/www.mldantiques.com\\\/?s={search_term_string}\"},\"query-input\":{\"@type\":\"PropertyValueSpecification\",\"valueRequired\":true,\"valueName\":\"search_term_string\"}}],\"inLanguage\":\"en-GB\"},{\"@type\":\"Organization\",\"@id\":\"https:\\\/\\\/www.mldantiques.com\\\/#organization\",\"name\":\"MLD Antiquit\u00e9s\",\"url\":\"https:\\\/\\\/www.mldantiques.com\\\/\",\"logo\":{\"@type\":\"ImageObject\",\"inLanguage\":\"en-GB\",\"@id\":\"https:\\\/\\\/www.mldantiques.com\\\/#\\\/schema\\\/logo\\\/image\\\/\",\"url\":\"https:\\\/\\\/www.mldantiques.com\\\/wp-content\\\/uploads\\\/2020\\\/07\\\/android-chrome-512x512-1.png\",\"contentUrl\":\"https:\\\/\\\/www.mldantiques.com\\\/wp-content\\\/uploads\\\/2020\\\/07\\\/android-chrome-512x512-1.png\",\"width\":512,\"height\":512,\"caption\":\"MLD Antiquit\u00e9s\"},\"image\":{\"@id\":\"https:\\\/\\\/www.mldantiques.com\\\/#\\\/schema\\\/logo\\\/image\\\/\"},\"sameAs\":[\"https:\\\/\\\/www.facebook.com\\\/ParisAntiqueDotCom\\\/\",\"https:\\\/\\\/www.instagram.com\\\/mldantiquites\\\/\",\"https:\\\/\\\/www.pinterest.fr\\\/marcdebono\\\/\"]}]}<\/script>\n<!-- \/ Yoast SEO plugin. -->","yoast_head_json":{"title":"Visite virtuelle - MLD Antiquit\u00e9s","robots":{"index":"index","follow":"follow","max-snippet":"max-snippet:-1","max-image-preview":"max-image-preview:large","max-video-preview":"max-video-preview:-1"},"canonical":"https:\/\/www.mldantiques.com\/en\/visite-virtuelle\/","og_locale":"en_GB","og_type":"article","og_title":"Visite virtuelle - MLD Antiquit\u00e9s","og_description":"Visite virtuelle Notre Galerie au March\u00e9 Biron &#8211; Stands 82, 83 &amp; 84 All\u00e9e 1","og_url":"https:\/\/www.mldantiques.com\/en\/visite-virtuelle\/","og_site_name":"MLD Antiquit\u00e9s","article_publisher":"https:\/\/www.facebook.com\/ParisAntiqueDotCom\/","article_modified_time":"2023-04-07T08:40:38+00:00","twitter_card":"summary_large_image","twitter_misc":{"Estimated reading time":"1 minute"},"schema":{"@context":"https:\/\/schema.org","@graph":[{"@type":"WebPage","@id":"https:\/\/www.mldantiques.com\/visite-virtuelle\/","url":"https:\/\/www.mldantiques.com\/visite-virtuelle\/","name":"Visite virtuelle - MLD Antiquit\u00e9s","isPartOf":{"@id":"https:\/\/www.mldantiques.com\/#website"},"datePublished":"2023-04-07T08:30:52+00:00","dateModified":"2023-04-07T08:40:38+00:00","breadcrumb":{"@id":"https:\/\/www.mldantiques.com\/visite-virtuelle\/#breadcrumb"},"inLanguage":"en-GB","potentialAction":[{"@type":"ReadAction","target":["https:\/\/www.mldantiques.com\/visite-virtuelle\/"]}]},{"@type":"BreadcrumbList","@id":"https:\/\/www.mldantiques.com\/visite-virtuelle\/#breadcrumb","itemListElement":[{"@type":"ListItem","position":1,"name":"Accueil","item":"https:\/\/www.mldantiques.com\/"},{"@type":"ListItem","position":2,"name":"Visite virtuelle"}]},{"@type":"WebSite","@id":"https:\/\/www.mldantiques.com\/#website","url":"https:\/\/www.mldantiques.com\/","name":"MLD Antiquites","description":"Votre Antiquaire Parisien","publisher":{"@id":"https:\/\/www.mldantiques.com\/#organization"},"potentialAction":[{"@type":"SearchAction","target":{"@type":"EntryPoint","urlTemplate":"https:\/\/www.mldantiques.com\/?s={search_term_string}"},"query-input":{"@type":"PropertyValueSpecification","valueRequired":true,"valueName":"search_term_string"}}],"inLanguage":"en-GB"},{"@type":"Organization","@id":"https:\/\/www.mldantiques.com\/#organization","name":"MLD Antiquit\u00e9s","url":"https:\/\/www.mldantiques.com\/","logo":{"@type":"ImageObject","inLanguage":"en-GB","@id":"https:\/\/www.mldantiques.com\/#\/schema\/logo\/image\/","url":"https:\/\/www.mldantiques.com\/wp-content\/uploads\/2020\/07\/android-chrome-512x512-1.png","contentUrl":"https:\/\/www.mldantiques.com\/wp-content\/uploads\/2020\/07\/android-chrome-512x512-1.png","width":512,"height":512,"caption":"MLD Antiquit\u00e9s"},"image":{"@id":"https:\/\/www.mldantiques.com\/#\/schema\/logo\/image\/"},"sameAs":["https:\/\/www.facebook.com\/ParisAntiqueDotCom\/","https:\/\/www.instagram.com\/mldantiquites\/","https:\/\/www.pinterest.fr\/marcdebono\/"]}]}},"_links":{"self":[{"href":"https:\/\/www.mldantiques.com\/en\/wp-json\/wp\/v2\/pages\/1247","targetHints":{"allow":["GET"]}}],"collection":[{"href":"https:\/\/www.mldantiques.com\/en\/wp-json\/wp\/v2\/pages"}],"about":[{"href":"https:\/\/www.mldantiques.com\/en\/wp-json\/wp\/v2\/types\/page"}],"author":[{"embeddable":true,"href":"https:\/\/www.mldantiques.com\/en\/wp-json\/wp\/v2\/users\/3"}],"replies":[{"embeddable":true,"href":"https:\/\/www.mldantiques.com\/en\/wp-json\/wp\/v2\/comments?post=1247"}],"version-history":[{"count":4,"href":"https:\/\/www.mldantiques.com\/en\/wp-json\/wp\/v2\/pages\/1247\/revisions"}],"predecessor-version":[{"id":1252,"href":"https:\/\/www.mldantiques.com\/en\/wp-json\/wp\/v2\/pages\/1247\/revisions\/1252"}],"wp:attachment":[{"href":"https:\/\/www.mldantiques.com\/en\/wp-json\/wp\/v2\/media?parent=1247"}],"curies":[{"name":"wp","href":"https:\/\/api.w.org\/{rel}","templated":true}]}}